{"id":109,"date":"2022-12-05T10:13:48","date_gmt":"2022-12-05T10:13:48","guid":{"rendered":"https:\/\/stemzaboljisvijet.com\/index.php\/naslovnica\/"},"modified":"2023-08-03T07:36:00","modified_gmt":"2023-08-03T07:36:00","slug":"naslovnica","status":"publish","type":"page","link":"https:\/\/stemzaboljisvijet.com\/","title":{"rendered":"Naslovnica"},"content":{"rendered":"\n    \n    <section class=\"u-align-center u-clearfix u-image u-shading u-section-2\" id=\"carousel_5d5a\" src=\"\" data-image-width=\"1980\" data-image-height=\"1114\" style=\"background-image: linear-gradient(0deg, rgba(0, 0, 0, 0.25), rgba(0, 0, 0, 0.25)), url(&quot;https:\/\/stemzaboljisvijet.com\/wp-content\/uploads\/2022\/12\/vcvv-min-2.jpg&quot;);\">\n      <div class=\"u-clearfix u-sheet u-sheet-1\">\n        <h1 class=\"u-custom-font u-font-montserrat u-text u-text-body-alt-color u-title u-text-1\">STEM za bolji svijet&nbsp;<br>\n        <\/h1>\n        <h1 class=\"u-align-right u-text u-text-2\">Hrvatski institut za migracije i integacije <br>\n          <br>Partneri: Fakultet elektrotehnike i ra\u010dunarstva&nbsp;<br>Sportsko dru\u0161tvo Spartak&nbsp;<br>Osnovna \u0161kola Jakovlje&nbsp;<br>\n          <span style=\"font-size: 1.25rem;\">\n            <span style=\"font-size: 1.5rem;\">Osnovna \u0161kola Ante Kova\u010di\u0107a<\/span> &nbsp; \n          <\/span>\n          <br>\n          <br>\n        <\/h1>\n      <\/div>\n    <\/section>\n    <section class=\"u-clearfix u-custom-color-3 u-section-3\" id=\"carousel_4cdc\">\n      <div class=\"u-align-left u-container-style u-grey-5 u-group u-group-1\">\n        <div class=\"u-container-layout u-valign-top-xs u-container-layout-1\">\n          <p class=\"u-text u-text-1\">\n            <span style=\"font-weight: 400;\" class=\"u-text-custom-color-2\">Ukupna vrijednost projekta:\n1.781.161,15 kuna&nbsp;<br>Bespovratna sredstva osigurana su iz Europskog socijalnog fonda 1.513.986,98 kuna i iz Dr\u017eavnog prora\u010duna 267.174,17 kuna<br>Operativni program: U\u010dinkoviti ljudski potencijali 2014. \u2013 2020.\n            <\/span>\n            <br>\n            <br>\n          <\/p>\n        <\/div>\n      <\/div>\n      <div class=\"u-shape u-shape-svg u-text-palette-4-light-1 u-shape-1\">\n        <svg class=\"u-svg-link\" preserveAspectRatio=\"none\" viewBox=\"0 0 160 160\" style=\"\"><use xmlns:xlink=\"http:\/\/www.w3.org\/1999\/xlink\" xlink:href=\"#svg-c5ad\"><\/use><\/svg>\n        <svg class=\"u-svg-content\" viewBox=\"0 0 160 160\" x=\"0px\" y=\"0px\" id=\"svg-c5ad\" style=\"enable-background:new 0 0 160 160;\"><path d=\"M80,30c27.6,0,50,22.4,50,50s-22.4,50-50,50s-50-22.4-50-50S52.4,30,80,30 M80,0C35.8,0,0,35.8,0,80s35.8,80,80,80\n\ts80-35.8,80-80S124.2,0,80,0L80,0z\"><\/path><\/svg>\n      <\/div>\n      <div class=\"u-align-left u-image u-image-circle u-image-1\" data-image-width=\"800\" data-image-height=\"800\" style=\"background-image: url(&quot;https:\/\/stemzaboljisvijet.com\/wp-content\/uploads\/2022\/12\/cc-2.jpg&quot;);\"><\/div>\n      <div class=\"u-shape u-shape-svg u-text-palette-4-light-2 u-shape-2\">\n        <svg class=\"u-svg-link\" preserveAspectRatio=\"none\" viewBox=\"0 0 160 160\" style=\"\"><use xmlns:xlink=\"http:\/\/www.w3.org\/1999\/xlink\" xlink:href=\"#svg-c5ad\"><\/use><\/svg>\n        <svg class=\"u-svg-content\" viewBox=\"0 0 160 160\" x=\"0px\" y=\"0px\" id=\"svg-c5ad\" style=\"enable-background:new 0 0 160 160;\"><path d=\"M80,30c27.6,0,50,22.4,50,50s-22.4,50-50,50s-50-22.4-50-50S52.4,30,80,30 M80,0C35.8,0,0,35.8,0,80s35.8,80,80,80\n\ts80-35.8,80-80S124.2,0,80,0L80,0z\"><\/path><\/svg>\n      <\/div>\n      <div class=\"u-container-style u-custom-color-2 u-expanded-width u-group u-shape-rectangle u-group-2\">\n        <div class=\"u-container-layout u-valign-middle-sm u-valign-middle-xs u-container-layout-2\">\n          <h3 class=\"u-text u-text-2\">Trajanje projekta: 19.08.2022.- 19.08.2024.<\/h3>\n        <\/div>\n      <\/div>\n    <\/section>\n    <section class=\"u-clearfix u-white u-section-4\" id=\"carousel_47b1\">\n      <div class=\"u-clearfix u-sheet u-sheet-1\">\n        <img decoding=\"async\" class=\"u-image u-image-contain u-image-1\" src=\"https:\/\/stemzaboljisvijet.com\/wp-content\/uploads\/2022\/12\/stemzaboljisvijetlogorough-1.jpg\" data-image-width=\"433\" data-image-height=\"457\">\n        <p class=\"u-text u-text-palette-1-dark-3 u-text-1\">\n          <span class=\"u-text-custom-color-2\">Kratki opis projeketa:&nbsp; <span style=\"font-weight: 400;\">\n              <br>Cilj projekta \u201eSTEM ZA BOLJI SVIJET\u201c je oja\u010dati  kapacitete OCD-a i pove\u0107ati broj dostupnih i organiziranih aktivnosti za popularizaciju STEM-a kod djece i mladih te unaprijediti suradnju organizacija civilnoga dru\u0161tva i odgojno-obrazovnih i visoko-obrazovnih institucija. U projektu \u0107e sudjelovati min.400 djece ili mladih, 15 volontera te \u0107e 20 \u010dlanova organizacija civilnoga dru\u0161tva \u0107e biti educirano o STEM-u.\n            <\/span>\n          <\/span>\n          <br>\n        <\/p>\n      <\/div>\n    <\/section>\n    <section class=\"u-clearfix u-palette-1-light-3 u-section-5\" id=\"sec-667a\">\n      <div class=\"u-container-style u-custom-color-2 u-expanded-width u-group u-shape-rectangle u-group-1\">\n        <div class=\"u-container-layout u-valign-middle-lg u-valign-middle-sm u-valign-middle-xl u-container-layout-1\">\n          <h2 class=\"u-align-center u-text u-text-1\">Aktivnosti<\/h2>\n        <\/div>\n      <\/div>\n      <p class=\"u-align-center u-text u-text-custom-color-2 u-text-2\">Edukacije od strane sveu\u010dili\u0161nih stru\u010dnjaka u podru\u010dju STEM-a za \u010dlanove OCD-a. <br>Edukacije inovativnih na\u010dina pou\u010davanja uz primjenu modernih i inovativnih tehnologija, alata i mehanizama u preno\u0161enju znanja. <br>Vi\u0161ednevne i jednodnevne radionice na temu: snimajmo i printamo, komunicirajmo sa svemirom, Internet stvari, matematika igara i modeli igra\u010daka, 3 D printanje.&nbsp;<br>\n      <\/p>\n      <div class=\"u-align-left u-image u-image-circle u-image-1\" data-image-width=\"640\" data-image-height=\"800\" style=\"background-image: url(&quot;https:\/\/stemzaboljisvijet.com\/wp-content\/uploads\/2022\/12\/pexels-ali-pazani-2777898-2.jpg&quot;);\"><\/div>\n      <div class=\"u-shape u-shape-svg u-text-palette-3-base u-shape-1\">\n        <svg class=\"u-svg-link\" preserveAspectRatio=\"none\" viewBox=\"0 0 160 160\" style=\"\"><use xmlns:xlink=\"http:\/\/www.w3.org\/1999\/xlink\" xlink:href=\"#svg-3be9\"><\/use><\/svg>\n        <svg class=\"u-svg-content\" viewBox=\"0 0 160 160\" x=\"0px\" y=\"0px\" id=\"svg-3be9\" style=\"enable-background:new 0 0 160 160;\"><path d=\"M80,30c27.6,0,50,22.4,50,50s-22.4,50-50,50s-50-22.4-50-50S52.4,30,80,30 M80,0C35.8,0,0,35.8,0,80s35.8,80,80,80\n\ts80-35.8,80-80S124.2,0,80,0L80,0z\"><\/path><\/svg>\n      <\/div>\n      <div class=\"u-align-left u-image u-image-circle u-image-2\" data-image-width=\"640\" data-image-height=\"427\" style=\"background-image: url(&quot;https:\/\/stemzaboljisvijet.com\/wp-content\/uploads\/2022\/12\/pexels-danny-meneses-943096-1.jpg&quot;);\"><\/div>\n      <div class=\"u-palette-1-base u-shape u-shape-circle u-shape-2\"><\/div>\n      <div class=\"u-align-left u-image u-image-circle u-image-3\" data-image-width=\"315\" data-image-height=\"417\" style=\"background-image: url(&quot;https:\/\/stemzaboljisvijet.com\/wp-content\/uploads\/2022\/12\/pexels-vanessa-loring-7869229-1.jpg&quot;);\"><\/div>\n      <div class=\"u-align-left u-image u-image-circle u-image-4\" data-image-width=\"640\" data-image-height=\"427\" style=\"background-image: url(&quot;https:\/\/stemzaboljisvijet.com\/wp-content\/uploads\/2022\/12\/pexels-karolina-grabowska-6256071-1.jpg&quot;);\"><\/div>\n    <\/section>\n    <section class=\"u-clearfix u-section-6\" id=\"carousel_5131\">\n      <div class=\"u-clearfix u-sheet u-valign-middle-lg u-valign-middle-xl u-sheet-1\">\n        <div class=\"u-clearfix u-expanded-width u-gutter-0 u-layout-wrap u-layout-wrap-1\">\n          <div class=\"u-gutter-0 u-layout\">\n            <div class=\"u-layout-row\">\n              <div class=\"u-size-28\">\n                <div class=\"u-layout-col\">\n                  <div class=\"u-align-left u-container-style u-image u-layout-cell u-left-cell u-size-60 u-image-1\" data-image-width=\"800\" data-image-height=\"784\" style=\"background-image: url(&quot;https:\/\/stemzaboljisvijet.com\/wp-content\/uploads\/2022\/12\/gggg-min-2.jpg&quot;);\">\n                    <div class=\"u-container-layout u-container-layout-1\"><\/div>\n                  <\/div>\n                <\/div>\n              <\/div>\n              <div class=\"u-size-32\">\n                <div class=\"u-layout-row\">\n                  <div class=\"u-container-style u-layout-cell u-right-cell u-size-60 u-layout-cell-2\">\n                    <div class=\"u-container-layout u-container-layout-2\">\n                      <h2 class=\"u-text u-text-grey-70 u-text-1\">\n                        <span style=\"font-weight: 700;\" class=\"u-text-custom-color-2\">Kontakt:<\/span>\n                        <span class=\"u-text-custom-color-2\">\n                          <br>\n                          <br>Hrvatski institut za migracije i integracije<br>\n                          <br>Adresa: Remetine\u010dka cesta 119, 10000 Zagreb <br>e-mail: himi.stem@gmail.com&nbsp; <br>mob: 098 809733 <br>www.stemzaboljisvijet.com&nbsp;\n                        <\/span>\n                        <br>\n                      <\/h2>\n                    <\/div>\n                  <\/div>\n                <\/div>\n              <\/div>\n            <\/div>\n          <\/div>\n        <\/div>\n      <\/div>\n    <\/section>\n    \n    \n  \n","protected":false},"excerpt":{"rendered":"<p>STEM za bolji svijet&nbsp; Hrvatski institut za migracije i integacije Partneri: Fakultet elektrotehnike i ra\u010dunarstva&nbsp;Sportsko dru\u0161tvo Spartak&nbsp;Osnovna \u0161kola Jakovlje&nbsp; Osnovna \u0161kola Ante Kova\u010di\u0107a &nbsp; Ukupna vrijednost projekta: 1.781.161,15 kuna&nbsp;Bespovratna sredstva osigurana su iz Europskog socijalnog fonda 1.513.986,98 kuna i iz Dr\u017eavnog prora\u010duna 267.174,17 kunaOperativni program: U\u010dinkoviti ljudski potencijali 2014. \u2013 2020. Trajanje projekta: 19.08.2022.- 19.08.2024. &hellip; <a href=\"https:\/\/stemzaboljisvijet.com\/\" class=\"more-link\">Continue reading<span class=\"screen-reader-text\"> &#8220;Naslovnica&#8221;<\/span><\/a><\/p>\n","protected":false},"author":1,"featured_media":0,"parent":0,"menu_order":3,"comment_status":"closed","ping_status":"closed","template":"","meta":{"footnotes":""},"class_list":["post-109","page","type-page","status-publish","hentry"],"_links":{"self":[{"href":"https:\/\/stemzaboljisvijet.com\/index.php\/wp-json\/wp\/v2\/pages\/109","targetHints":{"allow":["GET"]}}],"collection":[{"href":"https:\/\/stemzaboljisvijet.com\/index.php\/wp-json\/wp\/v2\/pages"}],"about":[{"href":"https:\/\/stemzaboljisvijet.com\/index.php\/wp-json\/wp\/v2\/types\/page"}],"author":[{"embeddable":true,"href":"https:\/\/stemzaboljisvijet.com\/index.php\/wp-json\/wp\/v2\/users\/1"}],"replies":[{"embeddable":true,"href":"https:\/\/stemzaboljisvijet.com\/index.php\/wp-json\/wp\/v2\/comments?post=109"}],"version-history":[{"count":7,"href":"https:\/\/stemzaboljisvijet.com\/index.php\/wp-json\/wp\/v2\/pages\/109\/revisions"}],"predecessor-version":[{"id":141,"href":"https:\/\/stemzaboljisvijet.com\/index.php\/wp-json\/wp\/v2\/pages\/109\/revisions\/141"}],"wp:attachment":[{"href":"https:\/\/stemzaboljisvijet.com\/index.php\/wp-json\/wp\/v2\/media?parent=109"}],"curies":[{"name":"wp","href":"https:\/\/api.w.org\/{rel}","templated":true}]}}